{"id":8480,"date":"2023-11-23T10:06:05","date_gmt":"2023-11-23T15:06:05","guid":{"rendered":"https:\/\/facing.udenar.edu.co\/?page_id=8480"},"modified":"2023-11-23T10:06:48","modified_gmt":"2023-11-23T15:06:48","slug":"robinson-david-salcedo-castillo","status":"publish","type":"page","link":"https:\/\/facing.udenar.edu.co\/index.php\/robinson-david-salcedo-castillo\/","title":{"rendered":"ROBINSON DAVID SALCEDO CASTILLO"},"content":{"rendered":"\t\t<div data-elementor-type=\"wp-page\" data-elementor-id=\"8480\" class=\"elementor elementor-8480\">\n\t\t\t\t\t\t\t\t\t<section class=\"elementor-section elementor-top-section elementor-element elementor-element-3aaf6fb elementor-section-boxed elementor-section-height-default elementor-section-height-default\" data-id=\"3aaf6fb\" data-element_type=\"section\">\n\t\t\t\t\t\t<div class=\"elementor-container elementor-column-gap-default\">\n\t\t\t\t\t<div class=\"elementor-column elementor-col-100 elementor-top-column elementor-element elementor-element-da7d9ce\" data-id=\"da7d9ce\" data-element_type=\"column\">\n\t\t\t<div class=\"elementor-widget-wrap elementor-element-populated\">\n\t\t\t\t\t\t\t\t<div class=\"elementor-element elementor-element-cb5d705 horizontal-menu--dropdown-none widget-divider-yes sub-menu-position-center sub-widget-divider-yes show-sub-menu-on-hover dt-sub-menu_align-left sub-icon_position-right sub-icon_align-with_text elementor-widget elementor-widget-the7_horizontal-menu\" data-id=\"cb5d705\" data-element_type=\"widget\" data-settings=\"{&quot;dropdown&quot;:&quot;none&quot;}\" data-widget_type=\"the7_horizontal-menu.default\">\n\t\t\t\t<div class=\"elementor-widget-container\">\n\t\t\t<div class=\"horizontal-menu-wrap\"><nav class=\"dt-nav-menu-horizontal--main dt-nav-menu-horizontal__container justify-content-center widget-divider-yes\"><ul class=\"dt-nav-menu-horizontal d-flex flex-row justify-content-center\"><li class=\"menu-item menu-item-type-post_type menu-item-object-page menu-item-7603 first depth-0\"><a href='https:\/\/facing.udenar.edu.co\/index.php\/giiee\/' data-level='1'><span class=\"item-content\"><span class=\"menu-item-text  \"><span class=\"menu-text\">Inicio<\/span><\/span><span class=\"submenu-indicator\" ><i aria-hidden=\"true\" class=\"desktop-menu-icon fas fa-caret-down\"><\/i><span class=\"submenu-mob-indicator\" ><\/span><\/span><\/span><\/a><\/li><li class=\"item-divider\" aria-hidden=\"true\"><\/li> <li class=\"menu-item menu-item-type-post_type menu-item-object-page menu-item-7599 depth-0\"><a href='https:\/\/facing.udenar.edu.co\/index.php\/giie-investigadores\/' data-level='1'><span class=\"item-content\"><span class=\"menu-item-text  \"><span class=\"menu-text\">Investigadores<\/span><\/span><span class=\"submenu-indicator\" ><i aria-hidden=\"true\" class=\"desktop-menu-icon fas fa-caret-down\"><\/i><span class=\"submenu-mob-indicator\" ><\/span><\/span><\/span><\/a><\/li><li class=\"item-divider\" aria-hidden=\"true\"><\/li> <li class=\"menu-item menu-item-type-post_type menu-item-object-page menu-item-7601 depth-0\"><a href='https:\/\/facing.udenar.edu.co\/index.php\/giie-proyectos\/' data-level='1'><span class=\"item-content\"><span class=\"menu-item-text  \"><span class=\"menu-text\">Proyectos<\/span><\/span><span class=\"submenu-indicator\" ><i aria-hidden=\"true\" class=\"desktop-menu-icon fas fa-caret-down\"><\/i><span class=\"submenu-mob-indicator\" ><\/span><\/span><\/span><\/a><\/li><li class=\"item-divider\" aria-hidden=\"true\"><\/li> <li class=\"menu-item menu-item-type-custom menu-item-object-custom menu-item-has-children menu-item-8277 has-children depth-0\"><a href='#' class='not-clickable-item' data-level='1'><span class=\"item-content\"><span class=\"menu-item-text  \"><span class=\"menu-text\">Productos<\/span><\/span><span class=\"submenu-indicator\" ><i aria-hidden=\"true\" class=\"desktop-menu-icon fas fa-caret-down\"><\/i><span class=\"submenu-mob-indicator\" ><\/span><\/span><\/span><\/a><ul class=\"the7-e-sub-nav horizontal-sub-nav\"><li class=\"menu-item menu-item-type-post_type menu-item-object-page menu-item-8312 first depth-1\"><a href='https:\/\/facing.udenar.edu.co\/index.php\/giie-articulos\/' data-level='2'><span class=\"item-content\"><span class=\"menu-item-text  \"><span class=\"menu-text\">Art\u00edculos<\/span><\/span><span class=\"submenu-indicator\" ><i aria-hidden=\"true\" class=\"desktop-menu-icon fas fa-caret-right\"><\/i><span class=\"submenu-mob-indicator\" ><\/span><\/span><\/span><\/a><\/li> <li class=\"menu-item menu-item-type-post_type menu-item-object-page menu-item-8311 depth-1\"><a href='https:\/\/facing.udenar.edu.co\/index.php\/giiee-informes-de-investigacion\/' data-level='2'><span class=\"item-content\"><span class=\"menu-item-text  \"><span class=\"menu-text\">Informes de Investigaci\u00f3n<\/span><\/span><span class=\"submenu-indicator\" ><i aria-hidden=\"true\" class=\"desktop-menu-icon fas fa-caret-right\"><\/i><span class=\"submenu-mob-indicator\" ><\/span><\/span><\/span><\/a><\/li> <li class=\"menu-item menu-item-type-post_type menu-item-object-page menu-item-8310 depth-1\"><a href='https:\/\/facing.udenar.edu.co\/index.php\/giiee-libros-y-capitulos\/' data-level='2'><span class=\"item-content\"><span class=\"menu-item-text  \"><span class=\"menu-text\">Libros y Cap\u00edtulos<\/span><\/span><span class=\"submenu-indicator\" ><i aria-hidden=\"true\" class=\"desktop-menu-icon fas fa-caret-right\"><\/i><span class=\"submenu-mob-indicator\" ><\/span><\/span><\/span><\/a><\/li> <li class=\"menu-item menu-item-type-post_type menu-item-object-page menu-item-8309 depth-1\"><a href='https:\/\/facing.udenar.edu.co\/index.php\/giiee-prototipos\/' data-level='2'><span class=\"item-content\"><span class=\"menu-item-text  \"><span class=\"menu-text\">Prototipos<\/span><\/span><span class=\"submenu-indicator\" ><i aria-hidden=\"true\" class=\"desktop-menu-icon fas fa-caret-right\"><\/i><span class=\"submenu-mob-indicator\" ><\/span><\/span><\/span><\/a><\/li> <li class=\"menu-item menu-item-type-post_type menu-item-object-page menu-item-8308 depth-1\"><a href='https:\/\/facing.udenar.edu.co\/index.php\/giiee-software\/' data-level='2'><span class=\"item-content\"><span class=\"menu-item-text  \"><span class=\"menu-text\">Software<\/span><\/span><span class=\"submenu-indicator\" ><i aria-hidden=\"true\" class=\"desktop-menu-icon fas fa-caret-right\"><\/i><span class=\"submenu-mob-indicator\" ><\/span><\/span><\/span><\/a><\/li> <li class=\"menu-item menu-item-type-post_type menu-item-object-page menu-item-8307 depth-1\"><a href='https:\/\/facing.udenar.edu.co\/index.php\/giiee-publicaciones-academicas\/' data-level='2'><span class=\"item-content\"><span class=\"menu-item-text  \"><span class=\"menu-text\">Publicaciones Acad\u00e9micas<\/span><\/span><span class=\"submenu-indicator\" ><i aria-hidden=\"true\" class=\"desktop-menu-icon fas fa-caret-right\"><\/i><span class=\"submenu-mob-indicator\" ><\/span><\/span><\/span><\/a><\/li> <li class=\"menu-item menu-item-type-post_type menu-item-object-page menu-item-8306 depth-1\"><a href='https:\/\/facing.udenar.edu.co\/index.php\/giiee-participacion-en-comites-de-evaluacion\/' data-level='2'><span class=\"item-content\"><span class=\"menu-item-text  \"><span class=\"menu-text\">Participaci\u00f3n en Comit\u00e9s de Evaluaci\u00f3n<\/span><\/span><span class=\"submenu-indicator\" ><i aria-hidden=\"true\" class=\"desktop-menu-icon fas fa-caret-right\"><\/i><span class=\"submenu-mob-indicator\" ><\/span><\/span><\/span><\/a><\/li> <li class=\"menu-item menu-item-type-post_type menu-item-object-page menu-item-8305 depth-1\"><a href='https:\/\/facing.udenar.edu.co\/index.php\/giiee-asesorias-al-programa-ondas\/' data-level='2'><span class=\"item-content\"><span class=\"menu-item-text  \"><span class=\"menu-text\">Asesor\u00edas al Programa Ondas<\/span><\/span><span class=\"submenu-indicator\" ><i aria-hidden=\"true\" class=\"desktop-menu-icon fas fa-caret-right\"><\/i><span class=\"submenu-mob-indicator\" ><\/span><\/span><\/span><\/a><\/li> <li class=\"menu-item menu-item-type-post_type menu-item-object-page menu-item-8304 depth-1\"><a href='https:\/\/facing.udenar.edu.co\/index.php\/giiee-participacion-ciudadana-en-proyectos-de-cti\/' data-level='2'><span class=\"item-content\"><span class=\"menu-item-text  \"><span class=\"menu-text\">Participaci\u00f3n Ciudadana en Proyectos de CTI<\/span><\/span><span class=\"submenu-indicator\" ><i aria-hidden=\"true\" class=\"desktop-menu-icon fas fa-caret-right\"><\/i><span class=\"submenu-mob-indicator\" ><\/span><\/span><\/span><\/a><\/li> <li class=\"menu-item menu-item-type-post_type menu-item-object-page menu-item-8303 depth-1\"><a href='https:\/\/facing.udenar.edu.co\/index.php\/giiee-demas-trabajos\/' data-level='2'><span class=\"item-content\"><span class=\"menu-item-text  \"><span class=\"menu-text\">Dem\u00e1s Trabajos<\/span><\/span><span class=\"submenu-indicator\" ><i aria-hidden=\"true\" class=\"desktop-menu-icon fas fa-caret-right\"><\/i><span class=\"submenu-mob-indicator\" ><\/span><\/span><\/span><\/a><\/li> <\/ul><\/li><li class=\"item-divider\" aria-hidden=\"true\"><\/li> <li class=\"menu-item menu-item-type-post_type menu-item-object-page menu-item-7598 depth-0\"><a href='https:\/\/facing.udenar.edu.co\/index.php\/giie-eventos\/' data-level='1'><span class=\"item-content\"><span class=\"menu-item-text  \"><span class=\"menu-text\">Eventos<\/span><\/span><span class=\"submenu-indicator\" ><i aria-hidden=\"true\" class=\"desktop-menu-icon fas fa-caret-down\"><\/i><span class=\"submenu-mob-indicator\" ><\/span><\/span><\/span><\/a><\/li><li class=\"item-divider\" aria-hidden=\"true\"><\/li> <li class=\"menu-item menu-item-type-post_type menu-item-object-page menu-item-10492 last depth-0\"><a href='https:\/\/facing.udenar.edu.co\/index.php\/giie-premios\/' data-level='1'><span class=\"item-content\"><span class=\"menu-item-text  \"><span class=\"menu-text\">Premios<\/span><\/span><span class=\"submenu-indicator\" ><i aria-hidden=\"true\" class=\"desktop-menu-icon fas fa-caret-down\"><\/i><span class=\"submenu-mob-indicator\" ><\/span><\/span><\/span><\/a><\/li><li class=\"item-divider\" aria-hidden=\"true\"><\/li> <\/ul><\/nav><\/div>\t\t<\/div>\n\t\t\t\t<\/div>\n\t\t\t\t\t<\/div>\n\t\t<\/div>\n\t\t\t\t\t\t\t<\/div>\n\t\t<\/section>\n\t\t\t\t<section class=\"elementor-section elementor-top-section elementor-element elementor-element-dc92f43 elementor-section-boxed elementor-section-height-default elementor-section-height-default\" data-id=\"dc92f43\" data-element_type=\"section\">\n\t\t\t\t\t\t<div class=\"elementor-container elementor-column-gap-default\">\n\t\t\t\t\t<div class=\"elementor-column elementor-col-100 elementor-top-column elementor-element elementor-element-4164432\" data-id=\"4164432\" data-element_type=\"column\">\n\t\t\t<div class=\"elementor-widget-wrap elementor-element-populated\">\n\t\t\t\t\t\t\t\t<section class=\"elementor-section elementor-inner-section elementor-element elementor-element-ec6ff6e elementor-section-boxed elementor-section-height-default elementor-section-height-default\" data-id=\"ec6ff6e\" data-element_type=\"section\">\n\t\t\t\t\t\t<div class=\"elementor-container elementor-column-gap-default\">\n\t\t\t\t\t<div class=\"elementor-column elementor-col-50 elementor-inner-column elementor-element elementor-element-9c80a26\" data-id=\"9c80a26\" data-element_type=\"column\">\n\t\t\t<div class=\"elementor-widget-wrap elementor-element-populated\">\n\t\t\t\t\t\t\t\t<div class=\"elementor-element elementor-element-2d08c2b elementor-widget elementor-widget-image\" data-id=\"2d08c2b\" data-element_type=\"widget\" data-widget_type=\"image.default\">\n\t\t\t\t<div class=\"elementor-widget-container\">\n\t\t\t\t\t\t\t\t\t\t\t\t\t\t\t<img decoding=\"async\" src=\"https:\/\/facing.udenar.edu.co\/wp-content\/plugins\/elementor\/assets\/images\/placeholder.png\" title=\"\" alt=\"\" loading=\"lazy\" \/>\t\t\t\t\t\t\t\t\t\t\t\t\t\t\t<\/div>\n\t\t\t\t<\/div>\n\t\t\t\t\t<\/div>\n\t\t<\/div>\n\t\t\t\t<div class=\"elementor-column elementor-col-50 elementor-inner-column elementor-element elementor-element-df538ad\" data-id=\"df538ad\" data-element_type=\"column\">\n\t\t\t<div class=\"elementor-widget-wrap elementor-element-populated\">\n\t\t\t\t\t\t\t\t<div class=\"elementor-element elementor-element-37b0438 elementor-widget elementor-widget-heading\" data-id=\"37b0438\" data-element_type=\"widget\" data-widget_type=\"heading.default\">\n\t\t\t\t<div class=\"elementor-widget-container\">\n\t\t\t<h2 class=\"elementor-heading-title elementor-size-default\">biograf\u00eda<\/h2>\t\t<\/div>\n\t\t\t\t<\/div>\n\t\t\t\t<div class=\"elementor-element elementor-element-11fefff elementor-widget elementor-widget-spacer\" data-id=\"11fefff\" data-element_type=\"widget\" data-widget_type=\"spacer.default\">\n\t\t\t\t<div class=\"elementor-widget-container\">\n\t\t\t\t\t<div class=\"elementor-spacer\">\n\t\t\t<div class=\"elementor-spacer-inner\"><\/div>\n\t\t<\/div>\n\t\t\t\t<\/div>\n\t\t\t\t<\/div>\n\t\t\t\t<div class=\"elementor-element elementor-element-3b44d63 elementor-widget elementor-widget-text-editor\" data-id=\"3b44d63\" data-element_type=\"widget\" data-widget_type=\"text-editor.default\">\n\t\t\t\t<div class=\"elementor-widget-container\">\n\t\t\t\t\t\t\t<p>Lorem fistrum por la gloria de mi madre esse jarl aliqua llevame al sircoo. De la pradera ullamco qu\u00e9 dise usteer est\u00e1 la cosa muy malar.<\/p>\t\t\t\t\t\t<\/div>\n\t\t\t\t<\/div>\n\t\t\t\t\t<\/div>\n\t\t<\/div>\n\t\t\t\t\t\t\t<\/div>\n\t\t<\/section>\n\t\t\t\t<div class=\"elementor-element elementor-element-a496bb1 elementor-widget elementor-widget-spacer\" data-id=\"a496bb1\" data-element_type=\"widget\" data-widget_type=\"spacer.default\">\n\t\t\t\t<div class=\"elementor-widget-container\">\n\t\t\t\t\t<div class=\"elementor-spacer\">\n\t\t\t<div class=\"elementor-spacer-inner\"><\/div>\n\t\t<\/div>\n\t\t\t\t<\/div>\n\t\t\t\t<\/div>\n\t\t\t\t<div class=\"elementor-element elementor-element-e1bb72f content-align-center icon-box-vertical-align-top icon-position-left icon-vertical-align-start elementor-widget elementor-widget-the7_icon_box_grid_widget\" data-id=\"e1bb72f\" data-element_type=\"widget\" data-widget_type=\"the7_icon_box_grid_widget.default\">\n\t\t\t\t<div class=\"elementor-widget-container\">\n\t\t\t<div class=\"the7-box-grid-wrapper the7-elementor-widget loading-effect-none the7_icon_box_grid_widget-e1bb72f\">\t\t\t<div class=\"dt-css-grid\">\n\t\t\t\t\t\t\t\t\t<div class=\"wf-cell shown\">\n\t\t\t\t\t\t<div class=\"the7-icon-box-grid\">\t\t\t\t\t\t\t<div class=\"box-content-wrapper\">\n\t\t\t\t\t\t\t\t\t\t\t\t\t\t\t\t<div class=\"box-content\">\n\t\t\t\t\t\t\t\t\t\t\t\t\t\t\t\t\t\t\t\t\t\t\t\t\t\t\t<a class=\"box-button elementor-button elementor-size-lg\">Google scholar<\/a>\t\t\t\t\t\t\t\t<\/div>\n\t\t\t\t\t\t\t<\/div>\n\t\t\t\t\t\t<\/div>\t\t\t\t\t<\/div>\n\t\t\t\t\t\t\t\t\t<div class=\"wf-cell shown\">\n\t\t\t\t\t\t<div class=\"the7-icon-box-grid\">\t\t\t\t\t\t\t<div class=\"box-content-wrapper\">\n\t\t\t\t\t\t\t\t\t\t\t\t\t\t\t\t<div class=\"box-content\">\n\t\t\t\t\t\t\t\t\t\t\t\t\t\t\t\t\t\t\t\t\t\t\t\t\t\t\t<a class=\"box-button elementor-button elementor-size-lg\">ResearchGate<\/a>\t\t\t\t\t\t\t\t<\/div>\n\t\t\t\t\t\t\t<\/div>\n\t\t\t\t\t\t<\/div>\t\t\t\t\t<\/div>\n\t\t\t\t\t\t\t\t\t<div class=\"wf-cell shown\">\n\t\t\t\t\t\t<div class=\"the7-icon-box-grid\">\t\t\t\t\t\t\t<div class=\"box-content-wrapper\">\n\t\t\t\t\t\t\t\t\t\t\t\t\t\t\t\t<div class=\"box-content\">\n\t\t\t\t\t\t\t\t\t\t\t\t\t\t\t\t\t\t\t\t\t\t\t\t\t\t\t<a class=\"box-button elementor-button elementor-size-lg\">ORCID<\/a>\t\t\t\t\t\t\t\t<\/div>\n\t\t\t\t\t\t\t<\/div>\n\t\t\t\t\t\t<\/div>\t\t\t\t\t<\/div>\n\t\t\t\t\t\t\t\t\t<div class=\"wf-cell shown\">\n\t\t\t\t\t\t<div class=\"the7-icon-box-grid\">\t\t\t\t\t\t\t<div class=\"box-content-wrapper\">\n\t\t\t\t\t\t\t\t\t\t\t\t\t\t\t\t<div class=\"box-content\">\n\t\t\t\t\t\t\t\t\t\t\t\t\t\t\t\t\t\t\t\t\t\t\t\t\t\t\t<a class=\"box-button elementor-button elementor-size-lg\">CVLAC<\/a>\t\t\t\t\t\t\t\t<\/div>\n\t\t\t\t\t\t\t<\/div>\n\t\t\t\t\t\t<\/div>\t\t\t\t\t<\/div>\n\t\t\t\t\t\t\t\t\t<div class=\"wf-cell shown\">\n\t\t\t\t\t\t<div class=\"the7-icon-box-grid\">\t\t\t\t\t\t\t<div class=\"box-content-wrapper\">\n\t\t\t\t\t\t\t\t\t\t\t\t\t\t\t\t<div class=\"box-content\">\n\t\t\t\t\t\t\t\t\t\t\t\t\t\t\t\t\t\t\t\t\t\t\t\t\t\t\t<a class=\"box-button elementor-button elementor-size-lg\">CV<\/a>\t\t\t\t\t\t\t\t<\/div>\n\t\t\t\t\t\t\t<\/div>\n\t\t\t\t\t\t<\/div>\t\t\t\t\t<\/div>\n\t\t\t\t\t\t\t<\/div>\n\t\t<\/div>\t\t<\/div>\n\t\t\t\t<\/div>\n\t\t\t\t<div class=\"elementor-element elementor-element-c17bc10 elementor-widget elementor-widget-spacer\" data-id=\"c17bc10\" data-element_type=\"widget\" data-widget_type=\"spacer.default\">\n\t\t\t\t<div class=\"elementor-widget-container\">\n\t\t\t\t\t<div class=\"elementor-spacer\">\n\t\t\t<div class=\"elementor-spacer-inner\"><\/div>\n\t\t<\/div>\n\t\t\t\t<\/div>\n\t\t\t\t<\/div>\n\t\t\t\t<div class=\"elementor-element elementor-element-4243c8c the7-e-tabs-nav-justify-center the7-e-tabs-view-horizontal icon-align-left elementor-widget elementor-widget-the7-tabs\" data-id=\"4243c8c\" data-element_type=\"widget\" data-settings=\"{&quot;accordion_breakpoint&quot;:&quot;none&quot;}\" data-widget_type=\"the7-tabs.default\">\n\t\t\t\t<div class=\"elementor-widget-container\">\n\t\t\t\t<div class=\"the7-e-tabs-wrapper\">\n\t\t<div class=\"the7-e-tabs-nav-wrapper\">\n\t\t\t<div class=\"the7-e-tabs-nav-scroll-wrapper\">\n\t\t\t\t<div class=\"the7-e-tabs-nav\" role=\"tablist\">\n\t\t\t\t\t\t\t\t\t\t<span class=\"item-divider\" aria-hidden=\"true\"><\/span>\n\t\t\t\t\t\t\t\t\t\t\t\t<div id=\"the7-e-tab-title-6941\" class=\"the7-e-tab-title\" aria-selected=\"true\" data-tab=\"1\" role=\"tab\" tabindex=\"0\" aria-controls=\"the7-e-tab-content-6941\" aria-expanded=\"false\">\n\t\t\t\t\t\t\t\t\t\t\t\t\t\t<h5 class=\"the7-e-tab-title-text\">\n\t\t\t\t\t\t\tProyectos\t\t\t\t\t\t\t<\/h5>\n\t\t\t\t\t\t<\/div>\n\t\t\t\t\t\t<span class=\"item-divider\" aria-hidden=\"true\"><\/span>\n\t\t\t\t\t\t\t\t\t\t\t<div id=\"the7-e-tab-title-6942\" class=\"the7-e-tab-title\" aria-selected=\"false\" data-tab=\"2\" role=\"tab\" tabindex=\"-1\" aria-controls=\"the7-e-tab-content-6942\" aria-expanded=\"false\">\n\t\t\t\t\t\t\t\t\t\t\t\t\t\t<h5 class=\"the7-e-tab-title-text\">\n\t\t\t\t\t\t\tPublicaciones\t\t\t\t\t\t\t<\/h5>\n\t\t\t\t\t\t<\/div>\n\t\t\t\t\t\t<span class=\"item-divider\" aria-hidden=\"true\"><\/span>\n\t\t\t\t\t\t\t\t\t\t\t<div id=\"the7-e-tab-title-6943\" class=\"the7-e-tab-title\" aria-selected=\"false\" data-tab=\"3\" role=\"tab\" tabindex=\"-1\" aria-controls=\"the7-e-tab-content-6943\" aria-expanded=\"false\">\n\t\t\t\t\t\t\t\t\t\t\t\t\t\t<h5 class=\"the7-e-tab-title-text\">\n\t\t\t\t\t\t\tEnse\u00f1anza\t\t\t\t\t\t\t<\/h5>\n\t\t\t\t\t\t<\/div>\n\t\t\t\t\t\t<span class=\"item-divider\" aria-hidden=\"true\"><\/span>\n\t\t\t\t\t\t\t\t\t\t\t<div id=\"the7-e-tab-title-6944\" class=\"the7-e-tab-title\" aria-selected=\"false\" data-tab=\"4\" role=\"tab\" tabindex=\"-1\" aria-controls=\"the7-e-tab-content-6944\" aria-expanded=\"false\">\n\t\t\t\t\t\t\t\t\t\t\t\t\t\t<h5 class=\"the7-e-tab-title-text\">\n\t\t\t\t\t\t\tEstudiantes Asesorados\t\t\t\t\t\t\t<\/h5>\n\t\t\t\t\t\t<\/div>\n\t\t\t\t\t\t<span class=\"item-divider\" aria-hidden=\"true\"><\/span>\n\t\t\t\t\t\t\t\t\t<\/div>\n\t\t\t<\/div>\n\t\t\t<div class=\"the7-e-tab-nav-button left-button\"><\/div>\n\t\t\t<div class=\"the7-e-tab-nav-button right-button\"><\/div>\n\t\t<\/div>\n\t\t<div class=\"the7-e-tabs-content\" role=\"tablist\" aria-orientation=\"vertical\">\n\t\t\t<span class=\"item-divider\" aria-hidden=\"true\"><\/span>\n\t\t\t\t\t\t\t<div class=\"the7-e-tab-item-wrapper\" data-tab=\"1\">\n\t\t\t\t\t<div class=\"the7-e-tab-title\" aria-selected=\"true\" data-tab=\"1\" role=\"tab\" tabindex=\"0\" aria-controls=\"elementor-tab-content-6941\" aria-expanded=\"false\">\n\t\t\t\t\t\t\t\t\t\t\t\t<h5 class=\"the7-e-tab-title-text\">\n\t\t\t\t\t\t\tProyectos\t\t\t\t\t\t<\/h5>\n\t\t\t\t\t<\/div>\n\t\t\t\t\t<div id=\"the7-e-tab-content-6941\" class=\"the7-e-tab-content the7-e-tab-text-content\" data-tab=\"1\" role=\"tabpanel\" aria-labelledby=\"the7-e-tab-title-6941\" tabindex=\"0\" hidden=\"false\">Lorem ipsum dolor sit amet, consectetur adipiscing elit. Ut elit tellus, luctus nec ullamcorper mattis, pulvinar dapibus leo.<\/div>\n\t\t\t\t<\/div>\n\t\t\t\t<span class=\"item-divider\" aria-hidden=\"true\"><\/span>\n\t\t\t\t\t\t\t<div class=\"the7-e-tab-item-wrapper\" data-tab=\"2\">\n\t\t\t\t\t<div class=\"the7-e-tab-title\" aria-selected=\"false\" data-tab=\"2\" role=\"tab\" tabindex=\"-1\" aria-controls=\"elementor-tab-content-6942\" aria-expanded=\"false\">\n\t\t\t\t\t\t\t\t\t\t\t\t<h5 class=\"the7-e-tab-title-text\">\n\t\t\t\t\t\t\tPublicaciones\t\t\t\t\t\t<\/h5>\n\t\t\t\t\t<\/div>\n\t\t\t\t\t<div id=\"the7-e-tab-content-6942\" class=\"the7-e-tab-content the7-e-tab-text-content\" data-tab=\"2\" role=\"tabpanel\" aria-labelledby=\"the7-e-tab-title-6942\" tabindex=\"0\" hidden=\"hidden\">Lorem ipsum dolor sit amet, consectetur adipiscing elit. Ut elit tellus, luctus nec ullamcorper mattis, pulvinar dapibus leo.<\/div>\n\t\t\t\t<\/div>\n\t\t\t\t<span class=\"item-divider\" aria-hidden=\"true\"><\/span>\n\t\t\t\t\t\t\t<div class=\"the7-e-tab-item-wrapper\" data-tab=\"3\">\n\t\t\t\t\t<div class=\"the7-e-tab-title\" aria-selected=\"false\" data-tab=\"3\" role=\"tab\" tabindex=\"-1\" aria-controls=\"elementor-tab-content-6943\" aria-expanded=\"false\">\n\t\t\t\t\t\t\t\t\t\t\t\t<h5 class=\"the7-e-tab-title-text\">\n\t\t\t\t\t\t\tEnse\u00f1anza\t\t\t\t\t\t<\/h5>\n\t\t\t\t\t<\/div>\n\t\t\t\t\t<div id=\"the7-e-tab-content-6943\" class=\"the7-e-tab-content the7-e-tab-text-content\" data-tab=\"3\" role=\"tabpanel\" aria-labelledby=\"the7-e-tab-title-6943\" tabindex=\"0\" hidden=\"hidden\">Lorem ipsum dolor sit amet, consectetur adipiscing elit. Ut elit tellus, luctus nec ullamcorper mattis, pulvinar dapibus leo.<\/div>\n\t\t\t\t<\/div>\n\t\t\t\t<span class=\"item-divider\" aria-hidden=\"true\"><\/span>\n\t\t\t\t\t\t\t<div class=\"the7-e-tab-item-wrapper\" data-tab=\"4\">\n\t\t\t\t\t<div class=\"the7-e-tab-title\" aria-selected=\"false\" data-tab=\"4\" role=\"tab\" tabindex=\"-1\" aria-controls=\"elementor-tab-content-6944\" aria-expanded=\"false\">\n\t\t\t\t\t\t\t\t\t\t\t\t<h5 class=\"the7-e-tab-title-text\">\n\t\t\t\t\t\t\tEstudiantes Asesorados\t\t\t\t\t\t<\/h5>\n\t\t\t\t\t<\/div>\n\t\t\t\t\t<div id=\"the7-e-tab-content-6944\" class=\"the7-e-tab-content the7-e-tab-text-content\" data-tab=\"4\" role=\"tabpanel\" aria-labelledby=\"the7-e-tab-title-6944\" tabindex=\"0\" hidden=\"hidden\">Tab Content<\/div>\n\t\t\t\t<\/div>\n\t\t\t\t<span class=\"item-divider\" aria-hidden=\"true\"><\/span>\n\t\t\t\t\t<\/div>\n\t<\/div>\n\t\t\t\t<\/div>\n\t\t\t\t<\/div>\n\t\t\t\t<div class=\"elementor-element elementor-element-9fc8e03 elementor-widget elementor-widget-spacer\" data-id=\"9fc8e03\" data-element_type=\"widget\" data-widget_type=\"spacer.default\">\n\t\t\t\t<div class=\"elementor-widget-container\">\n\t\t\t\t\t<div class=\"elementor-spacer\">\n\t\t\t<div class=\"elementor-spacer-inner\"><\/div>\n\t\t<\/div>\n\t\t\t\t<\/div>\n\t\t\t\t<\/div>\n\t\t\t\t\t<\/div>\n\t\t<\/div>\n\t\t\t\t\t\t\t<\/div>\n\t\t<\/section>\n\t\t\t\t\t\t\t<\/div>\n\t\t","protected":false},"excerpt":{"rendered":"<p>biograf\u00eda Lorem fistrum por la gloria de mi madre esse jarl aliqua llevame al sircoo. De la pradera ullamco qu\u00e9 dise usteer est\u00e1 la cosa muy malar. Google scholar ResearchGate ORCID CVLAC CV Proyectos Publicaciones Ense\u00f1anza Estudiantes Asesorados Proyectos Lorem ipsum dolor sit amet, consectetur adipiscing elit. Ut elit tellus, luctus nec ullamcorper mattis, pulvinar&hellip;<\/p>\n<div class=\"pvc_clear\"><\/div>\n<p id=\"pvc_stats_8480\" class=\"pvc_stats total_only  \" data-element-id=\"8480\" style=\"\"><i class=\"pvc-stats-icon large\" aria-hidden=\"true\"><svg aria-hidden=\"true\" focusable=\"false\" data-prefix=\"far\" data-icon=\"chart-bar\" role=\"img\" xmlns=\"http:\/\/www.w3.org\/2000\/svg\" viewBox=\"0 0 512 512\" class=\"svg-inline--fa fa-chart-bar fa-w-16 fa-2x\"><path fill=\"currentColor\" d=\"M396.8 352h22.4c6.4 0 12.8-6.4 12.8-12.8V108.8c0-6.4-6.4-12.8-12.8-12.8h-22.4c-6.4 0-12.8 6.4-12.8 12.8v230.4c0 6.4 6.4 12.8 12.8 12.8zm-192 0h22.4c6.4 0 12.8-6.4 12.8-12.8V140.8c0-6.4-6.4-12.8-12.8-12.8h-22.4c-6.4 0-12.8 6.4-12.8 12.8v198.4c0 6.4 6.4 12.8 12.8 12.8zm96 0h22.4c6.4 0 12.8-6.4 12.8-12.8V204.8c0-6.4-6.4-12.8-12.8-12.8h-22.4c-6.4 0-12.8 6.4-12.8 12.8v134.4c0 6.4 6.4 12.8 12.8 12.8zM496 400H48V80c0-8.84-7.16-16-16-16H16C7.16 64 0 71.16 0 80v336c0 17.67 14.33 32 32 32h464c8.84 0 16-7.16 16-16v-16c0-8.84-7.16-16-16-16zm-387.2-48h22.4c6.4 0 12.8-6.4 12.8-12.8v-70.4c0-6.4-6.4-12.8-12.8-12.8h-22.4c-6.4 0-12.8 6.4-12.8 12.8v70.4c0 6.4 6.4 12.8 12.8 12.8z\" class=\"\"><\/path><\/svg><\/i> <img loading=\"lazy\" decoding=\"async\" width=\"16\" height=\"16\" alt=\"Loading\" src=\"https:\/\/facing.udenar.edu.co\/wp-content\/plugins\/page-views-count\/ajax-loader-2x.gif\" border=0 \/><\/p>\n<div class=\"pvc_clear\"><\/div>\n","protected":false},"author":2,"featured_media":0,"parent":0,"menu_order":0,"comment_status":"closed","ping_status":"closed","template":"","meta":{"footnotes":""},"_links":{"self":[{"href":"https:\/\/facing.udenar.edu.co\/index.php\/wp-json\/wp\/v2\/pages\/8480"}],"collection":[{"href":"https:\/\/facing.udenar.edu.co\/index.php\/wp-json\/wp\/v2\/pages"}],"about":[{"href":"https:\/\/facing.udenar.edu.co\/index.php\/wp-json\/wp\/v2\/types\/page"}],"author":[{"embeddable":true,"href":"https:\/\/facing.udenar.edu.co\/index.php\/wp-json\/wp\/v2\/users\/2"}],"replies":[{"embeddable":true,"href":"https:\/\/facing.udenar.edu.co\/index.php\/wp-json\/wp\/v2\/comments?post=8480"}],"version-history":[{"count":4,"href":"https:\/\/facing.udenar.edu.co\/index.php\/wp-json\/wp\/v2\/pages\/8480\/revisions"}],"predecessor-version":[{"id":8487,"href":"https:\/\/facing.udenar.edu.co\/index.php\/wp-json\/wp\/v2\/pages\/8480\/revisions\/8487"}],"wp:attachment":[{"href":"https:\/\/facing.udenar.edu.co\/index.php\/wp-json\/wp\/v2\/media?parent=8480"}],"curies":[{"name":"wp","href":"https:\/\/api.w.org\/{rel}","templated":true}]}}